{"id":658,"date":"2017-06-27T06:45:25","date_gmt":"2017-06-27T06:45:25","guid":{"rendered":"http:\/\/dummy.xtemos.com\/woodmart-elementor\/demos\/?page_id=658"},"modified":"2020-09-18T14:05:27","modified_gmt":"2020-09-18T11:05:27","slug":"faqs","status":"publish","type":"page","link":"https:\/\/rok.ro\/de\/faqs\/","title":{"rendered":"FAQs"},"content":{"rendered":"<div class=\"wpb-content-wrapper\"><div class=\"vc_row wpb_row vc_row-fluid vc_custom_1496940694752\"><div class=\"wpb_column vc_column_container vc_col-sm-12\"><div class=\"vc_column-inner vc_custom_1484657273903\"><div class=\"wpb_wrapper\">\t\t\n\t\t<div id=\"wd-5f4bff2fb599c\" class=\"title-wrapper  woodmart-title-color-primary woodmart-title-style-underlined woodmart-title-width-100 text-left wpb_animate_when_almost_visible wpb_fadeIn fadeIn woodmart-title-size-default vc_custom_1598815982839\">\n\t\t\t\t\t\t\n\t\t\t<div class=\"liner-continer\">\n\t\t\t\t<span class=\"left-line\"><\/span>\n\t\t\t\t<h4 class=\"woodmart-title-container title  woodmart-font-weight-\" >FERTIGUNGSINFORMATIONEN<\/h4>\t\t\t\t\t\t\t\t<span class=\"right-line\"><\/span>\n\t\t\t<\/div>\n\t\t\t\n\t\t\t\t\t\t\n\t\t\t\t\t<\/div>\n\t\t\n\t\t<\/div><\/div><\/div><\/div><div class=\"vc_row wpb_row vc_row-fluid vc_custom_1535534163542 vc_row-o-equal-height vc_row-flex\"><div class=\"wpb_column wpb_animate_when_almost_visible wpb_wd-slide-from-left wd-slide-from-left vc_column_container vc_col-sm-6\"><div class=\"vc_column-inner vc_custom_1598815934276\"><div class=\"wpb_wrapper\">\t\n\t\t\t<div id=\"wd-5f43a380d24bd\" class=\"woodmart-text-block-wrapper color-scheme-custom woodmart-title-size-custom woodmart-title-width-100 text-left vc_custom_1598268215916\">\n\t\t\t\t<div class=\"woodmart-title-container woodmart-text-block font-primary woodmart-font-weight-600\">\n\t\t\t\t\tVerkauft ROK Originalteile?\t\t\t\t<\/div>\n\t\t\t\t\t\n\t\t\t<\/div>\n\t\t\n\t<div class=\"wpb_text_column wpb_content_element\" >\n\t\t<div class=\"wpb_wrapper\">\n\t\t\t<p>OEM-Referenzen sind rein indikativ und implizieren nicht, dass das Teil ein Originalteil des Maschinenherstellers ist. Alle unsere Produkte werden ausschlie\u00dflich in Brasov, Rum\u00e4nien, auf der Grundlage von Herstellungsprojekten entwickelt, die im Laufe der Zeit von unserem Ingenieurteam erstellt wurden.<\/p>\n\n\t\t<\/div>\n\t<\/div>\n\t\n\t\t\t<div id=\"wd-5f43a3972fb80\" class=\"woodmart-text-block-wrapper color-scheme-custom woodmart-title-size-custom woodmart-title-width-100 text-left vc_custom_1598268238612\">\n\t\t\t\t<div class=\"woodmart-title-container woodmart-text-block font-primary woodmart-font-weight-600\">\n\t\t\t\t\tAus welcher Art von Material werden die Teile von ROK hergestellt?\t\t\t\t<\/div>\n\t\t\t\t\t\n\t\t\t<\/div>\n\t\t\n\t<div class=\"wpb_text_column wpb_content_element\" >\n\t\t<div class=\"wpb_wrapper\">\n\t\t\t<p>Gem\u00e4\u00df DIN1.7131 \/ BS EN 10084 verwenden wir f\u00fcr den Herstellungsprozess unserer Produkte Schmiedestahl SAE 52100, insbesondere 42MoCr4 verbessert mit 16Mn, mit einer W\u00e4rmebehandlung, die eine H\u00e4rte von ~ 56-60HRC gew\u00e4hrleistet.<\/p>\n\n\t\t<\/div>\n\t<\/div>\n\t\n\t\t\t<div id=\"wd-5f43a3ad49fbe\" class=\"woodmart-text-block-wrapper color-scheme-custom woodmart-title-size-custom woodmart-title-width-100 text-left vc_custom_1598268257850\">\n\t\t\t\t<div class=\"woodmart-title-container woodmart-text-block font-primary woodmart-font-weight-600\">\n\t\t\t\t\tErf\u00fcllen die Teile von ROK die Anforderungen f\u00fcr bestimmte Standards?\t\t\t\t<\/div>\n\t\t\t\t\t\n\t\t\t<\/div>\n\t\t\n\t<div class=\"wpb_text_column wpb_content_element\" >\n\t\t<div class=\"wpb_wrapper\">\n\t\t\t<p>ROK-Produkte werden in der Europ\u00e4ischen Gemeinschaft nach DIN620-Normen hergestellt. Toleranzen und Parameter entsprechen den Normen ISO76 und ISO281. Die Qualit\u00e4tskontrolle wird unter Verwendung modernster Pr\u00e4zisionsinstrumente gem\u00e4\u00df der ISO9001-Norm durchgef\u00fchrt.<\/p>\n\n\t\t<\/div>\n\t<\/div>\n<\/div><\/div><\/div><div class=\"wpb_column wpb_animate_when_almost_visible wpb_wd-slide-from-right wd-slide-from-right vc_column_container vc_col-sm-6\"><div class=\"vc_column-inner vc_custom_1598815944000\"><div class=\"wpb_wrapper\">\t\n\t\t\t<div id=\"wd-5f43a3c825acf\" class=\"woodmart-text-block-wrapper color-scheme-custom woodmart-title-size-custom woodmart-title-width-100 text-left vc_custom_1598268286160\">\n\t\t\t\t<div class=\"woodmart-title-container woodmart-text-block font-primary woodmart-font-weight-600\">\n\t\t\t\t\tWie lange dauert der Herstellungsprozess?\t\t\t\t<\/div>\n\t\t\t\t\t\n\t\t\t<\/div>\n\t\t\n\t<div class=\"wpb_text_column wpb_content_element\" >\n\t\t<div class=\"wpb_wrapper\">\n\t\t\t<p>Die Standardvorlaufzeit betr\u00e4gt 10 Arbeitstage, kann aber je nach der angeforderten Menge variieren.<\/p>\n\n\t\t<\/div>\n\t<\/div>\n\t\n\t\t\t<div id=\"wd-5f43a3e9dadb1\" class=\"woodmart-text-block-wrapper color-scheme-custom woodmart-title-size-custom woodmart-title-width-100 text-left vc_custom_1598268318778\">\n\t\t\t\t<div class=\"woodmart-title-container woodmart-text-block font-primary woodmart-font-weight-600\">\n\t\t\t\t\tMacht ROK f\u00fcr bestimmte Produkte Lagerbest\u00e4nde?\t\t\t\t<\/div>\n\t\t\t\t\t\n\t\t\t<\/div>\n\t\t\n\t<div class=\"wpb_text_column wpb_content_element\" >\n\t\t<div class=\"wpb_wrapper\">\n\t\t\t<p>ROK macht normalerweise keine Lagerbest\u00e4nde. Wenn ein Kunde jedoch wiederholt nach denselben Produkten fragt, organisieren wir ein Lager f\u00fcr diese speziellen Teile, um die Lieferzeit so weit wie m\u00f6glich zu verk\u00fcrzen.<\/p>\n\n\t\t<\/div>\n\t<\/div>\n\t\n\t\t\t<div id=\"wd-5f43a43f27bb7\" class=\"woodmart-text-block-wrapper color-scheme-custom woodmart-title-size-custom woodmart-title-width-100 text-left vc_custom_1598268403590\">\n\t\t\t\t<div class=\"woodmart-title-container woodmart-text-block font-primary woodmart-font-weight-600\">\n\t\t\t\t\tBietet ROK irgendeine Garantie f\u00fcr ihre Produkte?\t\t\t\t<\/div>\n\t\t\t\t\t\n\t\t\t<\/div>\n\t\t\n\t<div class=\"wpb_text_column wpb_content_element\" >\n\t\t<div class=\"wpb_wrapper\">\n\t\t\t<p>Die Gew\u00e4hrleistungsfrist ist auf einen Zeitraum von 6 (sechs) Monaten beschr\u00e4nkt. Wir garantieren, dass alle zum Verkauf angebotenen Produkte in dem Moment, in dem sie unser Lager verlassen, unter perfekten Betriebsbedingungen sind. ROK \u00fcbernimmt keine Verantwortung f\u00fcr die F\u00e4lle, in denen diese Teile auf\/in fehlerhafte Maschinen montiert werden.<\/p>\n\n\t\t<\/div>\n\t<\/div>\n<\/div><\/div><\/div><\/div><div class=\"vc_row wpb_row vc_row-fluid vc_custom_1496940694752\"><div class=\"wpb_column vc_column_container vc_col-sm-12\"><div class=\"vc_column-inner vc_custom_1484657273903\"><div class=\"wpb_wrapper\">\t\t\n\t\t<div id=\"wd-5f4bff46ae9a9\" class=\"title-wrapper  woodmart-title-color-primary woodmart-title-style-underlined woodmart-title-width-100 text-left wpb_animate_when_almost_visible wpb_fadeIn fadeIn woodmart-title-size-default vc_custom_1598815991966\">\n\t\t\t\t\t\t\n\t\t\t<div class=\"liner-continer\">\n\t\t\t\t<span class=\"left-line\"><\/span>\n\t\t\t\t<h4 class=\"woodmart-title-container title  woodmart-font-weight-\" >INFORMATIONEN ZU BESTELLUNG, ZAHLUNG UND LIEFERUNG<\/h4>\t\t\t\t\t\t\t\t<span class=\"right-line\"><\/span>\n\t\t\t<\/div>\n\t\t\t\n\t\t\t\t\t\t\n\t\t\t\t\t<\/div>\n\t\t\n\t\t<\/div><\/div><\/div><\/div><div class=\"vc_row wpb_row vc_row-fluid vc_custom_1600332271160 vc_row-o-equal-height vc_row-flex\"><div class=\"wpb_column wpb_animate_when_almost_visible wpb_wd-slide-from-left wd-slide-from-left vc_column_container vc_col-sm-6\"><div class=\"vc_column-inner vc_custom_1598815952712\"><div class=\"wpb_wrapper\">\t\n\t\t\t<div id=\"wd-5f43a4d62d50b\" class=\"woodmart-text-block-wrapper color-scheme-custom woodmart-title-size-custom woodmart-title-width-100 text-left vc_custom_1598268553547\">\n\t\t\t\t<div class=\"woodmart-title-container woodmart-text-block font-primary woodmart-font-weight-600\">\n\t\t\t\t\tWie bestelle ich?\t\t\t\t<\/div>\n\t\t\t\t\t\n\t\t\t<\/div>\n\t\t\n\t<div class=\"wpb_text_column wpb_content_element\" >\n\t\t<div class=\"wpb_wrapper\">\n\t\t\t<p>F\u00fcr Bestellungen kontaktieren Sie uns bitte unter <a href=\"mailto:office@rok.ro\">office@rok.ro<\/a> oder senden Sie uns eine Nachricht \u00fcber unsere Kontakt-\/Anfrageformulare.<\/p>\n\n\t\t<\/div>\n\t<\/div>\n\t\n\t\t\t<div id=\"wd-5f43a501ac9a0\" class=\"woodmart-text-block-wrapper color-scheme-custom woodmart-title-size-custom woodmart-title-width-100 text-left vc_custom_1598268597613\">\n\t\t\t\t<div class=\"woodmart-title-container woodmart-text-block font-primary woodmart-font-weight-600\">\n\t\t\t\t\tGibt es eine Mindestbestellmenge (MOQ)?\t\t\t\t<\/div>\n\t\t\t\t\t\n\t\t\t<\/div>\n\t\t\n\t<div class=\"wpb_text_column wpb_content_element\" >\n\t\t<div class=\"wpb_wrapper\">\n\t\t\t<p>Wir bitten um eine Mindestmenge von 2 St\u00fcck f\u00fcr die Aufnahme von Bestellungen in die Produktion. Die Preise unserer Produkte k\u00f6nnen je nach den angeforderten Mengen variieren.<\/p>\n\n\t\t<\/div>\n\t<\/div>\n\t\n\t\t\t<div id=\"wd-5f43a52a89dfa\" class=\"woodmart-text-block-wrapper color-scheme-custom woodmart-title-size-custom woodmart-title-width-100 text-left vc_custom_1598268638013\">\n\t\t\t\t<div class=\"woodmart-title-container woodmart-text-block font-primary woodmart-font-weight-600\">\n\t\t\t\t\tWie ist die Lieferung organisiert?\t\t\t\t<\/div>\n\t\t\t\t\t\n\t\t\t<\/div>\n\t\t\n\t<div class=\"wpb_text_column wpb_content_element\" >\n\t\t<div class=\"wpb_wrapper\">\n\t\t\t<p>Die Standardlieferoption erfolgt \u00fcber TNT Economy Express, die 3 bis 6 Tage dauert. Auf Wunsch des Kunden k\u00f6nnen wir die Lieferung mit einem von ihm ausgew\u00e4hlten bevorzugten Kurier organisieren.<\/p>\n\n\t\t<\/div>\n\t<\/div>\n<\/div><\/div><\/div><div class=\"wpb_column wpb_animate_when_almost_visible wpb_wd-slide-from-right wd-slide-from-right vc_column_container vc_col-sm-6\"><div class=\"vc_column-inner vc_custom_1598815958790\"><div class=\"wpb_wrapper\">\t\n\t\t\t<div id=\"wd-5f43a53cce000\" class=\"woodmart-text-block-wrapper color-scheme-custom woodmart-title-size-custom woodmart-title-width-100 text-left vc_custom_1598268656308\">\n\t\t\t\t<div class=\"woodmart-title-container woodmart-text-block font-primary woodmart-font-weight-600\">\n\t\t\t\t\tWie kann ich die Zahlung vornehmen lassen?\t\t\t\t<\/div>\n\t\t\t\t\t\n\t\t\t<\/div>\n\t\t\n\t<div class=\"wpb_text_column wpb_content_element\" >\n\t\t<div class=\"wpb_wrapper\">\n\t\t\t<p>Wir bitten unsere neuen Kunden, die Zahlung im Voraus per Bank\u00fcberweisung zu t\u00e4tigen. Die bestellten Produkte werden erst dann in Produktion genommen, wenn wir die Zahlungsbest\u00e4tigung des Kunden erhalten haben.<\/p>\n\n\t\t<\/div>\n\t<\/div>\n\t\n\t\t\t<div id=\"wd-5f43a5514e13c\" class=\"woodmart-text-block-wrapper color-scheme-custom woodmart-title-size-custom woodmart-title-width-100 text-left vc_custom_1598268675970\">\n\t\t\t\t<div class=\"woodmart-title-container woodmart-text-block font-primary woodmart-font-weight-600\">\n\t\t\t\t\tWer bezahlt die Versandkosten?\t\t\t\t<\/div>\n\t\t\t\t\t\n\t\t\t<\/div>\n\t\t\n\t<div class=\"wpb_text_column wpb_content_element\" >\n\t\t<div class=\"wpb_wrapper\">\n\t\t\t<p>Die Transportkosten werden auf der von uns ausgestellten Rechnung angegeben und gehen vollst\u00e4ndig zu Lasten des Kunden.<\/p>\n\n\t\t<\/div>\n\t<\/div>\n\t\n\t\t\t<div id=\"wd-5f43a5616b518\" class=\"woodmart-text-block-wrapper color-scheme-custom woodmart-title-size-custom woodmart-title-width-100 text-left vc_custom_1598268692583\">\n\t\t\t\t<div class=\"woodmart-title-container woodmart-text-block font-primary woodmart-font-weight-600\">\n\t\t\t\t\tMehrwertsteuer?\t\t\t\t<\/div>\n\t\t\t\t\t\n\t\t\t<\/div>\n\t\t\n\t<div class=\"wpb_text_column wpb_content_element\" >\n\t\t<div class=\"wpb_wrapper\">\n\t\t\t<p>Es werden keine Steuern erhoben, wenn die Firma des Kunden in der Europ\u00e4ischen Gemeinschaft registriert ist. Handelt es sich bei dem Kunden jedoch um eine Privatperson, wird der Rechnung 19% MwSt. des Gesamtbestellwertes hinzugef\u00fcgt.<\/p>\n\n\t\t<\/div>\n\t<\/div>\n<\/div><\/div><\/div><\/div><div class=\"vc_row wpb_row vc_row-fluid vc_custom_1600332279696\"><div class=\"wpb_column vc_column_container vc_col-sm-2\"><div class=\"vc_column-inner\"><div class=\"wpb_wrapper\"><\/div><\/div><\/div><div class=\"wpb_column wpb_animate_when_almost_visible wpb_flipInX flipInX vc_column_container vc_col-sm-8\"><div class=\"vc_column-inner\"><div class=\"wpb_wrapper\">\t\t\n\t\t<div id=\"wd-5f3bb8dbaf432\" class=\"title-wrapper  woodmart-title-color-default woodmart-title-style-default woodmart-title-width-100 text-center woodmart-title-size-custom vc_custom_1597749393222\">\n\t\t\t\t\t\t\t<div class=\"title-subtitle  font-default subtitle-style-background woodmart-font-weight-\">BEREIT F\u00dcR EINE HERAUSFORDERUNG<\/div>\n\t\t\t\t\t\t\n\t\t\t<div class=\"liner-continer\">\n\t\t\t\t<span class=\"left-line\"><\/span>\n\t\t\t\t<h3 class=\"woodmart-title-container title  woodmart-font-weight-\" >HABEN SIE EINE FRAGE?<\/h3>\t\t\t\t\t\t\t\t<span class=\"right-line\"><\/span>\n\t\t\t<\/div>\n\t\t\t\n\t\t\t\t\t\t\t<div class=\"title-after_title\">Wir w\u00fcrden gerne h\u00f6ren, wie wir Ihnen helfen k\u00f6nnen!<\/div>\n\t\t\t\t\t\t\n\t\t\t\t\t<\/div>\n\t\t\n\t\t<div id=\"wd-5f3bb7a22d16e\" class=\"woodmart-button-wrapper text-center\"><a href=\"#contact-button\" title=\"\" class=\"btn btn-color-primary btn-style-3d btn-shape-semi-round btn-size-large woodmart-open-popup  btn-icon-pos-left\">KONTAKT<span class=\"wd-btn-icon\"><i class=\"far fa-paper-plane\"><\/i><\/span><\/a><\/div><div id=\"contact-button\" class=\"mfp-with-anim woodmart-content-popup mfp-hide\" style=\"max-width:800px;\"><div class=\"woodmart-popup-inner\">\n\t<div class=\"wpb_raw_code wpb_raw_html wpb_content_element\" >\n\t\t<div class=\"wpb_wrapper\">\n\t\t\t<div class=\"wpforms-container wpforms-container-full\" id=\"wpforms-39194\"><form id=\"wpforms-form-39194\" class=\"wpforms-validate wpforms-form wpforms-ajax-form\" data-formid=\"39194\" method=\"post\" enctype=\"multipart\/form-data\" action=\"\/de\/wp-json\/wp\/v2\/pages\/658\" data-token=\"a13beb43dcef58f7e5775d970a3250c4\" data-token-time=\"1778675341\" data-trp-original-action=\"\/de\/wp-json\/wp\/v2\/pages\/658\"><noscript class=\"wpforms-error-noscript\">Bitte aktiviere JavaScript in deinem Browser, um dieses Formular fertigzustellen.<\/noscript><div class=\"wpforms-field-container\"><div id=\"wpforms-39194-field_0-container\" class=\"wpforms-field wpforms-field-name wpforms-one-half wpforms-first\" data-field-id=\"0\"><label class=\"wpforms-field-label\" for=\"wpforms-39194-field_0\">Name <span class=\"wpforms-required-label\">*<\/span><\/label><input type=\"text\" id=\"wpforms-39194-field_0\" class=\"wpforms-field-large wpforms-field-required\" name=\"wpforms[fields][0]\" required><\/div><div id=\"wpforms-39194-field_1-container\" class=\"wpforms-field wpforms-field-email wpforms-one-half\" data-field-id=\"1\"><label class=\"wpforms-field-label\" for=\"wpforms-39194-field_1\">E-Mail <span class=\"wpforms-required-label\">*<\/span><\/label><input type=\"email\" id=\"wpforms-39194-field_1\" class=\"wpforms-field-large wpforms-field-required\" name=\"wpforms[fields][1]\" spellcheck=\"false\" required><\/div><div id=\"wpforms-39194-field_3-container\" class=\"wpforms-field wpforms-field-phone wpforms-one-half wpforms-first\" data-field-id=\"3\"><label class=\"wpforms-field-label\" for=\"wpforms-39194-field_3\">Telefon <span class=\"wpforms-required-label\">*<\/span><\/label><input type=\"tel\" id=\"wpforms-39194-field_3\" class=\"wpforms-field-large wpforms-field-required\" data-rule-int-phone-field=\"true\" name=\"wpforms[fields][3]\" aria-label=\"Telefon\" required><\/div><div id=\"wpforms-39194-field_4-container\" class=\"wpforms-field wpforms-field-text wpforms-one-half\" data-field-id=\"4\"><label class=\"wpforms-field-label\" for=\"wpforms-39194-field_4\">Land<\/label><input type=\"text\" id=\"wpforms-39194-field_4\" class=\"wpforms-field-large\" name=\"wpforms[fields][4]\" ><\/div><div id=\"wpforms-39194-field_5-container\" class=\"wpforms-field wpforms-field-text\" data-field-id=\"5\"><label class=\"wpforms-field-label\" for=\"wpforms-39194-field_5\">Unternehmen<\/label><input type=\"text\" id=\"wpforms-39194-field_5\" class=\"wpforms-field-large\" name=\"wpforms[fields][5]\" ><\/div><div id=\"wpforms-39194-field_2-container\" class=\"wpforms-field wpforms-field-textarea\" data-field-id=\"2\"><label class=\"wpforms-field-label\" for=\"wpforms-39194-field_2\">Ihre Nachricht <span class=\"wpforms-required-label\">*<\/span><\/label><textarea id=\"wpforms-39194-field_2\" class=\"wpforms-field-medium wpforms-field-required\" name=\"wpforms[fields][2]\" required><\/textarea><\/div><div id=\"wpforms-39194-field_7-container\" class=\"wpforms-field wpforms-field-gdpr-checkbox\" data-field-id=\"7\"><label class=\"wpforms-field-label wpforms-label-hide\">Zustimmung <span class=\"wpforms-required-label\">*<\/span><\/label><ul id=\"wpforms-39194-field_7\" class=\"wpforms-field-required\"><li class=\"choice-1\"><input type=\"checkbox\" id=\"wpforms-39194-field_7_1\" name=\"wpforms[fields][7][]\" value=\"I consent to having this website store my submitted information so they can respond to my inquiry according to &lt;a href=&quot;https:\/\/rok.ro\/privacy-policy\/&quot;&gt;Privacy Policy&lt;\/a&gt;.\" required><label class=\"wpforms-field-label-inline\" for=\"wpforms-39194-field_7_1\">Ich bin damit einverstanden, dass meine eingereichten Informationen auf dieser Website gespeichert werden, damit sie auf meine Anfrage antworten k\u00f6nnen <a href=\"https:\/\/rok.ro\/de\/datenschutz-politik\/\">Datenschutzerkl\u00e4rung<\/a>. <span class=\"wpforms-required-label\">*<\/span><\/label><\/li><\/ul><\/div><\/div><!-- .wpforms-field-container --><div class=\"wpforms-recaptcha-container wpforms-is-recaptcha wpforms-is-recaptcha-type-v3\" ><input type=\"hidden\" name=\"wpforms[recaptcha]\" value=\"\"><\/div><div class=\"wpforms-submit-container\" ><input type=\"hidden\" name=\"wpforms[id]\" value=\"39194\"><input type=\"hidden\" name=\"page_title\" value=\"\"><input type=\"hidden\" name=\"page_url\" value=\"https:\/\/rok.ro\/de\/wp-json\/wp\/v2\/pages\/658\"><button type=\"submit\" name=\"wpforms[submit]\" id=\"wpforms-submit-39194\" class=\"wpforms-submit\" data-alt-text=\"Sending...\" data-submit-text=\"Send\" aria-live=\"assertive\" value=\"wpforms-submit\">Senden Sie<\/button><img loading=\"lazy\" decoding=\"async\" src=\"https:\/\/rok.ro\/wp-content\/plugins\/wpforms\/assets\/images\/submit-spin.svg\" class=\"wpforms-submit-spinner\" style=\"display: none;\" width=\"26\" height=\"26\" alt=\"Wird geladen\"><\/div><input type=\"hidden\" name=\"trp-form-language\" value=\"de\"\/><\/form><\/div>  <!-- .wpforms-container -->\n\t\t<\/div>\n\t<\/div>\n<\/div><\/div><\/div><\/div><\/div><div class=\"wpb_column vc_column_container vc_col-sm-2\"><div class=\"vc_column-inner\"><div class=\"wpb_wrapper\"><\/div><\/div><\/div><\/div>\n<\/div>","protected":false},"excerpt":{"rendered":"<p>Wir liefern den besten Teilehandel und sogar f\u00fcr die spezifischen Anforderungen. Bitte beachten Sie unsere Fertigung, Bestellung, Zahlung und Lieferinformationen.<\/p>","protected":false},"author":1,"featured_media":39338,"parent":0,"menu_order":0,"comment_status":"closed","ping_status":"closed","template":"","meta":{"footnotes":""},"class_list":["post-658","page","type-page","status-publish","has-post-thumbnail","hentry"],"acf":[],"yoast_head":"<!-- This site is optimized with the Yoast SEO Premium plugin v18.2.1 (Yoast SEO v19.5) - https:\/\/yoast.com\/wordpress\/plugins\/seo\/ -->\n<title>FAQs | ROK - Forklift Parts<\/title>\n<meta name=\"description\" content=\"We deliver the best aftermarket parts and even for the most specific requests. Please see our manufacturing, ordering, payment and delivery information.\" \/>\n<meta name=\"robots\" content=\"index, follow, max-snippet:-1, max-image-preview:large, max-video-preview:-1\" \/>\n<link rel=\"canonical\" href=\"https:\/\/rok.ro\/de\/faqs\/\" \/>\n<meta property=\"og:locale\" content=\"de_DE\" \/>\n<meta property=\"og:type\" content=\"article\" \/>\n<meta property=\"og:title\" content=\"FAQs\" \/>\n<meta property=\"og:description\" content=\"We deliver the best aftermarket parts and even for the most specific requests. Please see our manufacturing, ordering, payment and delivery information.\" \/>\n<meta property=\"og:url\" content=\"https:\/\/rok.ro\/de\/faqs\/\" \/>\n<meta property=\"og:site_name\" content=\"ROK - Forklift Parts\" \/>\n<meta property=\"article:modified_time\" content=\"2020-09-18T11:05:27+00:00\" \/>\n<meta property=\"og:image\" content=\"https:\/\/rok.ro\/wp-content\/uploads\/2020\/09\/ROK-Logo-Square.jpg\" \/>\n\t<meta property=\"og:image:width\" content=\"248\" \/>\n\t<meta property=\"og:image:height\" content=\"248\" \/>\n\t<meta property=\"og:image:type\" content=\"image\/jpeg\" \/>\n<meta name=\"twitter:card\" content=\"summary_large_image\" \/>\n<meta name=\"twitter:label1\" content=\"Gesch\u00e4tzte Lesezeit\" \/>\n\t<meta name=\"twitter:data1\" content=\"11\u00a0Minuten\" \/>\n<script type=\"application\/ld+json\" class=\"yoast-schema-graph\">{\"@context\":\"https:\/\/schema.org\",\"@graph\":[{\"@type\":[\"WebPage\",\"FAQPage\"],\"@id\":\"https:\/\/rok.ro\/faqs\/\",\"url\":\"https:\/\/rok.ro\/faqs\/\",\"name\":\"FAQs | ROK - Forklift Parts\",\"isPartOf\":{\"@id\":\"https:\/\/rok.ro\/#website\"},\"datePublished\":\"2017-06-27T06:45:25+00:00\",\"dateModified\":\"2020-09-18T11:05:27+00:00\",\"description\":\"We deliver the best aftermarket parts and even for the most specific requests. Please see our manufacturing, ordering, payment and delivery information.\",\"breadcrumb\":{\"@id\":\"https:\/\/rok.ro\/faqs\/#breadcrumb\"},\"inLanguage\":\"de\",\"potentialAction\":[{\"@type\":\"ReadAction\",\"target\":[\"https:\/\/rok.ro\/faqs\/\"]}]},{\"@type\":\"BreadcrumbList\",\"@id\":\"https:\/\/rok.ro\/faqs\/#breadcrumb\",\"itemListElement\":[{\"@type\":\"ListItem\",\"position\":1,\"name\":\"Home\",\"item\":\"https:\/\/rok.ro\/\"},{\"@type\":\"ListItem\",\"position\":2,\"name\":\"FAQs\"}]},{\"@type\":\"WebSite\",\"@id\":\"https:\/\/rok.ro\/#website\",\"url\":\"https:\/\/rok.ro\/\",\"name\":\"ROK - Forklift Parts\",\"description\":\"High Quality Rollers and Bearings for Handling Equipment\",\"publisher\":{\"@id\":\"https:\/\/rok.ro\/#organization\"},\"potentialAction\":[{\"@type\":\"SearchAction\",\"target\":{\"@type\":\"EntryPoint\",\"urlTemplate\":\"https:\/\/rok.ro\/?s={search_term_string}\"},\"query-input\":\"required name=search_term_string\"}],\"inLanguage\":\"de\"},{\"@type\":\"Organization\",\"@id\":\"https:\/\/rok.ro\/#organization\",\"name\":\"ROK - Forklift Parts\",\"url\":\"https:\/\/rok.ro\/\",\"sameAs\":[],\"logo\":{\"@type\":\"ImageObject\",\"inLanguage\":\"de\",\"@id\":\"https:\/\/rok.ro\/#\/schema\/logo\/image\/\",\"url\":\"https:\/\/rok.ro\/wp-content\/uploads\/2020\/08\/ROK-Logo.png\",\"contentUrl\":\"https:\/\/rok.ro\/wp-content\/uploads\/2020\/08\/ROK-Logo.png\",\"width\":221,\"height\":53,\"caption\":\"ROK - Forklift Parts\"},\"image\":{\"@id\":\"https:\/\/rok.ro\/#\/schema\/logo\/image\/\"}}]}<\/script>\n<!-- \/ Yoast SEO Premium plugin. -->","yoast_head_json":{"title":"FAQs | ROK - Forklift Parts","description":"We deliver the best aftermarket parts and even for the most specific requests. Please see our manufacturing, ordering, payment and delivery information.","robots":{"index":"index","follow":"follow","max-snippet":"max-snippet:-1","max-image-preview":"max-image-preview:large","max-video-preview":"max-video-preview:-1"},"canonical":"https:\/\/rok.ro\/de\/faqs\/","og_locale":"de_DE","og_type":"article","og_title":"FAQs","og_description":"We deliver the best aftermarket parts and even for the most specific requests. Please see our manufacturing, ordering, payment and delivery information.","og_url":"https:\/\/rok.ro\/de\/faqs\/","og_site_name":"ROK - Forklift Parts","article_modified_time":"2020-09-18T11:05:27+00:00","og_image":[{"width":248,"height":248,"url":"https:\/\/rok.ro\/wp-content\/uploads\/2020\/09\/ROK-Logo-Square.jpg","type":"image\/jpeg"}],"twitter_card":"summary_large_image","twitter_misc":{"Gesch\u00e4tzte Lesezeit":"11\u00a0Minuten"},"schema":{"@context":"https:\/\/schema.org","@graph":[{"@type":["WebPage","FAQPage"],"@id":"https:\/\/rok.ro\/faqs\/","url":"https:\/\/rok.ro\/faqs\/","name":"FAQs | ROK - Forklift Parts","isPartOf":{"@id":"https:\/\/rok.ro\/#website"},"datePublished":"2017-06-27T06:45:25+00:00","dateModified":"2020-09-18T11:05:27+00:00","description":"We deliver the best aftermarket parts and even for the most specific requests. Please see our manufacturing, ordering, payment and delivery information.","breadcrumb":{"@id":"https:\/\/rok.ro\/faqs\/#breadcrumb"},"inLanguage":"de","potentialAction":[{"@type":"ReadAction","target":["https:\/\/rok.ro\/faqs\/"]}]},{"@type":"BreadcrumbList","@id":"https:\/\/rok.ro\/faqs\/#breadcrumb","itemListElement":[{"@type":"ListItem","position":1,"name":"Home","item":"https:\/\/rok.ro\/"},{"@type":"ListItem","position":2,"name":"FAQs"}]},{"@type":"WebSite","@id":"https:\/\/rok.ro\/#website","url":"https:\/\/rok.ro\/","name":"ROK - Forklift Parts","description":"High Quality Rollers and Bearings for Handling Equipment","publisher":{"@id":"https:\/\/rok.ro\/#organization"},"potentialAction":[{"@type":"SearchAction","target":{"@type":"EntryPoint","urlTemplate":"https:\/\/rok.ro\/?s={search_term_string}"},"query-input":"required name=search_term_string"}],"inLanguage":"de"},{"@type":"Organization","@id":"https:\/\/rok.ro\/#organization","name":"ROK - Forklift Parts","url":"https:\/\/rok.ro\/","sameAs":[],"logo":{"@type":"ImageObject","inLanguage":"de","@id":"https:\/\/rok.ro\/#\/schema\/logo\/image\/","url":"https:\/\/rok.ro\/wp-content\/uploads\/2020\/08\/ROK-Logo.png","contentUrl":"https:\/\/rok.ro\/wp-content\/uploads\/2020\/08\/ROK-Logo.png","width":221,"height":53,"caption":"ROK - Forklift Parts"},"image":{"@id":"https:\/\/rok.ro\/#\/schema\/logo\/image\/"}}]}},"_links":{"self":[{"href":"https:\/\/rok.ro\/de\/wp-json\/wp\/v2\/pages\/658"}],"collection":[{"href":"https:\/\/rok.ro\/de\/wp-json\/wp\/v2\/pages"}],"about":[{"href":"https:\/\/rok.ro\/de\/wp-json\/wp\/v2\/types\/page"}],"author":[{"embeddable":true,"href":"https:\/\/rok.ro\/de\/wp-json\/wp\/v2\/users\/1"}],"replies":[{"embeddable":true,"href":"https:\/\/rok.ro\/de\/wp-json\/wp\/v2\/comments?post=658"}],"version-history":[{"count":0,"href":"https:\/\/rok.ro\/de\/wp-json\/wp\/v2\/pages\/658\/revisions"}],"wp:featuredmedia":[{"embeddable":true,"href":"https:\/\/rok.ro\/de\/wp-json\/wp\/v2\/media\/39338"}],"wp:attachment":[{"href":"https:\/\/rok.ro\/de\/wp-json\/wp\/v2\/media?parent=658"}],"curies":[{"name":"wp","href":"https:\/\/api.w.org\/{rel}","templated":true}]}}