{"id":16554,"date":"2020-08-13T17:51:05","date_gmt":"2020-08-13T14:51:05","guid":{"rendered":"https:\/\/rok.ro\/shop\/uncategorized\/kalmar-lmv-r41067001\/"},"modified":"2020-08-24T14:32:31","modified_gmt":"2020-08-24T11:32:31","slug":"kalmar-lmv-r41067001","status":"publish","type":"product","link":"https:\/\/rok.ro\/ro\/catalog\/housing-mastroller\/kalmar-lmv-r41067001\/","title":{"rendered":"KALMAR LMV R41067001"},"content":{"rendered":"<p>These parts are produced in the European Community and executed in accordance with the DIN620 standards. Tolerances and parameters (inner, outer diameter, width, parallelism) are according to ISO76 and ISO281 standards, and in terms of load ratings, the standards are also complied with.<\/p>\n<p>The materials used (according DIN1.7131 and SAE 52100) to manufacture these parts, are hardening or improvement steels generally used in the production of standard bearings (21MoMnCr12,16MnCr5,15Cr08Mo, 42CrMo4, &#8230;.), which are subject to treatment in order to bring them to 60-64 HRC hardness.<\/p>\n<p>For the quality control of our products we use the latest methods and measurement devices to determine their quality (ISO9001).<\/p>","protected":false},"excerpt":{"rendered":"<p>Produsele ROK sunt fabricate \u00een Comunitatea European\u0103 conform standardelor DIN620. Toleran\u021bele \u0219i parametrii respect\u0103 standardele ISO76 \u0219i ISO281. Controlul calit\u0103\u021bii se realizeaz\u0103 folosind instrumente de precizie de ultim\u0103 or\u0103, conform standardului ISO9001.<\/p>\n<p>Conform DIN1.7131 \/ BS EN 10084, pentru procesul de fabrica\u021bie a produselor noastre folosim o\u021bel forjat SAE 52100, \u00een mod special 42MoCr4 \u00eembun\u0103t\u0103\u021bit cu 16Mn, cu un tratament termic care asigur\u0103 o duritate de ~ 56-60HRC.<\/p>\n<p>Referin\u021bele OEM sunt pur orientative \u0219i nu implic\u0103 faptul c\u0103 piesa este original\u0103 de la produc\u0103torul ma\u0219inii. Toate produsele noastre sunt proiectate exclusiv la Bra\u0219ov, Rom\u00e2nia, pe baza proiectelor de fabrica\u021bie create de-a lungul timpului de echipa noastr\u0103 de ingineri.<\/p>","protected":false},"featured_media":0,"template":"","meta":[],"product_cat":[166,251],"product_tag":[],"class_list":{"0":"post-16554","1":"product","2":"type-product","3":"status-publish","5":"product_cat-housing-mastroller","6":"product_cat-hou12","7":"pa_brand-kalmar-lmv-sweden","9":"first","10":"instock","11":"purchasable","12":"product-type-simple"},"acf":[],"yoast_head":"<!-- This site is optimized with the Yoast SEO Premium plugin v18.2.1 (Yoast SEO v19.5) - https:\/\/yoast.com\/wordpress\/plugins\/seo\/ -->\n<title>KALMAR LMV R41067001 | ROK - Forklift Parts<\/title>\n<meta name=\"description\" content=\"ROK products are manufactured in the European Community under DIN620 standards. Tolerances and parameters comply with ISO76 and ISO281 standards. Quality control is performed using cutting edge precision instruments, under the ISO9001 standard. According to DIN1.7131 \/ BS EN 10084, for the manufacturing process of our products we use forged steel SAE 52100, specifically 42MoCr4 improved with 16Mn, with a heat treatment that ensures a hardness of ~ 56-60HRC. OEM references are purely indicative and do not imply that the part is original from the machine manufacturer. All of our products are exclusively designed in Brasov, Romania, based on manufacturing projects created over time by our team of engineers.\" \/>\n<meta name=\"robots\" content=\"index, follow, max-snippet:-1, max-image-preview:large, max-video-preview:-1\" \/>\n<link rel=\"canonical\" href=\"https:\/\/rok.ro\/ro\/catalog\/housing-mastroller\/kalmar-lmv-r41067001\/\" \/>\n<meta property=\"og:locale\" content=\"ro_RO\" \/>\n<meta property=\"og:type\" content=\"article\" \/>\n<meta property=\"og:title\" content=\"KALMAR LMV R41067001\" \/>\n<meta property=\"og:description\" content=\"ROK products are manufactured in the European Community under DIN620 standards. Tolerances and parameters comply with ISO76 and ISO281 standards. Quality control is performed using cutting edge precision instruments, under the ISO9001 standard. According to DIN1.7131 \/ BS EN 10084, for the manufacturing process of our products we use forged steel SAE 52100, specifically 42MoCr4 improved with 16Mn, with a heat treatment that ensures a hardness of ~ 56-60HRC. OEM references are purely indicative and do not imply that the part is original from the machine manufacturer. All of our products are exclusively designed in Brasov, Romania, based on manufacturing projects created over time by our team of engineers.\" \/>\n<meta property=\"og:url\" content=\"https:\/\/rok.ro\/ro\/catalog\/housing-mastroller\/kalmar-lmv-r41067001\/\" \/>\n<meta property=\"og:site_name\" content=\"ROK - Forklift Parts\" \/>\n<meta property=\"article:modified_time\" content=\"2020-08-24T11:32:31+00:00\" \/>\n<meta property=\"og:image\" content=\"https:\/\/rok.ro\/wp-content\/uploads\/2020\/08\/ROK-Logo.png\" \/>\n\t<meta property=\"og:image:width\" content=\"221\" \/>\n\t<meta property=\"og:image:height\" content=\"53\" \/>\n\t<meta property=\"og:image:type\" content=\"image\/png\" \/>\n<meta name=\"twitter:card\" content=\"summary_large_image\" \/>\n<meta name=\"twitter:label1\" content=\"Pre\u021b\" \/>\n\t<meta name=\"twitter:data1\" content=\"Request a Quote\" \/>\n\t<meta name=\"twitter:label2\" content=\"Availability\" \/>\n\t<meta name=\"twitter:data2\" content=\"In stock\" \/>\n<script type=\"application\/ld+json\" class=\"yoast-schema-graph\">{\"@context\":\"https:\/\/schema.org\",\"@graph\":[{\"@type\":\"WebPage\",\"@id\":\"https:\/\/rok.ro\/de\/catalog\/housing-mastroller\/kalmar-lmv-r41067001\/\",\"url\":\"https:\/\/rok.ro\/de\/catalog\/housing-mastroller\/kalmar-lmv-r41067001\/\",\"name\":\"KALMAR LMV R41067001 | ROK - Forklift Parts\",\"isPartOf\":{\"@id\":\"https:\/\/rok.ro\/#website\"},\"datePublished\":\"2020-08-13T14:51:05+00:00\",\"dateModified\":\"2020-08-24T11:32:31+00:00\",\"description\":\"ROK products are manufactured in the European Community under DIN620 standards. Tolerances and parameters comply with ISO76 and ISO281 standards. Quality control is performed using cutting edge precision instruments, under the ISO9001 standard. According to DIN1.7131 \/ BS EN 10084, for the manufacturing process of our products we use forged steel SAE 52100, specifically 42MoCr4 improved with 16Mn, with a heat treatment that ensures a hardness of ~ 56-60HRC. OEM references are purely indicative and do not imply that the part is original from the machine manufacturer. All of our products are exclusively designed in Brasov, Romania, based on manufacturing projects created over time by our team of engineers.\",\"breadcrumb\":{\"@id\":\"https:\/\/rok.ro\/de\/catalog\/housing-mastroller\/kalmar-lmv-r41067001\/#breadcrumb\"},\"inLanguage\":\"ro-RO\",\"potentialAction\":[{\"@type\":\"ReadAction\",\"target\":[\"https:\/\/rok.ro\/de\/catalog\/housing-mastroller\/kalmar-lmv-r41067001\/\"]}]},{\"@type\":\"BreadcrumbList\",\"@id\":\"https:\/\/rok.ro\/de\/catalog\/housing-mastroller\/kalmar-lmv-r41067001\/#breadcrumb\",\"itemListElement\":[{\"@type\":\"ListItem\",\"position\":1,\"name\":\"Home\",\"item\":\"https:\/\/rok.ro\/\"},{\"@type\":\"ListItem\",\"position\":2,\"name\":\"Catalog\",\"item\":\"https:\/\/rok.ro\/catalog\/\"},{\"@type\":\"ListItem\",\"position\":3,\"name\":\"KALMAR LMV R41067001\"}]},{\"@type\":\"WebSite\",\"@id\":\"https:\/\/rok.ro\/#website\",\"url\":\"https:\/\/rok.ro\/\",\"name\":\"ROK - Forklift Parts\",\"description\":\"High Quality Rollers and Bearings for Handling Equipment\",\"publisher\":{\"@id\":\"https:\/\/rok.ro\/#organization\"},\"potentialAction\":[{\"@type\":\"SearchAction\",\"target\":{\"@type\":\"EntryPoint\",\"urlTemplate\":\"https:\/\/rok.ro\/?s={search_term_string}\"},\"query-input\":\"required name=search_term_string\"}],\"inLanguage\":\"ro-RO\"},{\"@type\":\"Organization\",\"@id\":\"https:\/\/rok.ro\/#organization\",\"name\":\"ROK - Forklift Parts\",\"url\":\"https:\/\/rok.ro\/\",\"sameAs\":[],\"logo\":{\"@type\":\"ImageObject\",\"inLanguage\":\"ro-RO\",\"@id\":\"https:\/\/rok.ro\/#\/schema\/logo\/image\/\",\"url\":\"https:\/\/rok.ro\/wp-content\/uploads\/2020\/08\/ROK-Logo.png\",\"contentUrl\":\"https:\/\/rok.ro\/wp-content\/uploads\/2020\/08\/ROK-Logo.png\",\"width\":221,\"height\":53,\"caption\":\"ROK - Forklift Parts\"},\"image\":{\"@id\":\"https:\/\/rok.ro\/#\/schema\/logo\/image\/\"}}]}<\/script>\n<meta property=\"product:brand\" content=\"KALMAR LMV (SWEDEN)\" \/>\n<meta property=\"product:price:amount\" content=\"0.00\" \/>\n<meta property=\"product:price:currency\" content=\"EUR\" \/>\n<meta property=\"og:availability\" content=\"instock\" \/>\n<meta property=\"product:availability\" content=\"instock\" \/>\n<meta property=\"product:retailer_item_id\" content=\"KALMAR LMV R41067001\" \/>\n<meta property=\"product:condition\" content=\"new\" \/>\n<!-- \/ Yoast SEO Premium plugin. -->","yoast_head_json":{"title":"KALMAR LMV R41067001 | ROK - Forklift Parts","description":"ROK products are manufactured in the European Community under DIN620 standards. Tolerances and parameters comply with ISO76 and ISO281 standards. Quality control is performed using cutting edge precision instruments, under the ISO9001 standard. According to DIN1.7131 \/ BS EN 10084, for the manufacturing process of our products we use forged steel SAE 52100, specifically 42MoCr4 improved with 16Mn, with a heat treatment that ensures a hardness of ~ 56-60HRC. OEM references are purely indicative and do not imply that the part is original from the machine manufacturer. All of our products are exclusively designed in Brasov, Romania, based on manufacturing projects created over time by our team of engineers.","robots":{"index":"index","follow":"follow","max-snippet":"max-snippet:-1","max-image-preview":"max-image-preview:large","max-video-preview":"max-video-preview:-1"},"canonical":"https:\/\/rok.ro\/ro\/catalog\/housing-mastroller\/kalmar-lmv-r41067001\/","og_locale":"ro_RO","og_type":"article","og_title":"KALMAR LMV R41067001","og_description":"ROK products are manufactured in the European Community under DIN620 standards. Tolerances and parameters comply with ISO76 and ISO281 standards. Quality control is performed using cutting edge precision instruments, under the ISO9001 standard. According to DIN1.7131 \/ BS EN 10084, for the manufacturing process of our products we use forged steel SAE 52100, specifically 42MoCr4 improved with 16Mn, with a heat treatment that ensures a hardness of ~ 56-60HRC. OEM references are purely indicative and do not imply that the part is original from the machine manufacturer. All of our products are exclusively designed in Brasov, Romania, based on manufacturing projects created over time by our team of engineers.","og_url":"https:\/\/rok.ro\/ro\/catalog\/housing-mastroller\/kalmar-lmv-r41067001\/","og_site_name":"ROK - Forklift Parts","article_modified_time":"2020-08-24T11:32:31+00:00","og_image":[{"width":221,"height":53,"url":"https:\/\/rok.ro\/wp-content\/uploads\/2020\/08\/ROK-Logo.png","type":"image\/png"}],"twitter_card":"summary_large_image","twitter_misc":{"Pre\u021b":"Request a Quote","Availability":"In stock"},"schema":{"@context":"https:\/\/schema.org","@graph":[{"@type":"WebPage","@id":"https:\/\/rok.ro\/de\/catalog\/housing-mastroller\/kalmar-lmv-r41067001\/","url":"https:\/\/rok.ro\/de\/catalog\/housing-mastroller\/kalmar-lmv-r41067001\/","name":"KALMAR LMV R41067001 | ROK - Forklift Parts","isPartOf":{"@id":"https:\/\/rok.ro\/#website"},"datePublished":"2020-08-13T14:51:05+00:00","dateModified":"2020-08-24T11:32:31+00:00","description":"ROK products are manufactured in the European Community under DIN620 standards. Tolerances and parameters comply with ISO76 and ISO281 standards. Quality control is performed using cutting edge precision instruments, under the ISO9001 standard. According to DIN1.7131 \/ BS EN 10084, for the manufacturing process of our products we use forged steel SAE 52100, specifically 42MoCr4 improved with 16Mn, with a heat treatment that ensures a hardness of ~ 56-60HRC. OEM references are purely indicative and do not imply that the part is original from the machine manufacturer. All of our products are exclusively designed in Brasov, Romania, based on manufacturing projects created over time by our team of engineers.","breadcrumb":{"@id":"https:\/\/rok.ro\/de\/catalog\/housing-mastroller\/kalmar-lmv-r41067001\/#breadcrumb"},"inLanguage":"ro-RO","potentialAction":[{"@type":"ReadAction","target":["https:\/\/rok.ro\/de\/catalog\/housing-mastroller\/kalmar-lmv-r41067001\/"]}]},{"@type":"BreadcrumbList","@id":"https:\/\/rok.ro\/de\/catalog\/housing-mastroller\/kalmar-lmv-r41067001\/#breadcrumb","itemListElement":[{"@type":"ListItem","position":1,"name":"Home","item":"https:\/\/rok.ro\/"},{"@type":"ListItem","position":2,"name":"Catalog","item":"https:\/\/rok.ro\/catalog\/"},{"@type":"ListItem","position":3,"name":"KALMAR LMV R41067001"}]},{"@type":"WebSite","@id":"https:\/\/rok.ro\/#website","url":"https:\/\/rok.ro\/","name":"ROK - Forklift Parts","description":"High Quality Rollers and Bearings for Handling Equipment","publisher":{"@id":"https:\/\/rok.ro\/#organization"},"potentialAction":[{"@type":"SearchAction","target":{"@type":"EntryPoint","urlTemplate":"https:\/\/rok.ro\/?s={search_term_string}"},"query-input":"required name=search_term_string"}],"inLanguage":"ro-RO"},{"@type":"Organization","@id":"https:\/\/rok.ro\/#organization","name":"ROK - Forklift Parts","url":"https:\/\/rok.ro\/","sameAs":[],"logo":{"@type":"ImageObject","inLanguage":"ro-RO","@id":"https:\/\/rok.ro\/#\/schema\/logo\/image\/","url":"https:\/\/rok.ro\/wp-content\/uploads\/2020\/08\/ROK-Logo.png","contentUrl":"https:\/\/rok.ro\/wp-content\/uploads\/2020\/08\/ROK-Logo.png","width":221,"height":53,"caption":"ROK - Forklift Parts"},"image":{"@id":"https:\/\/rok.ro\/#\/schema\/logo\/image\/"}}]},"product_brand":"KALMAR LMV (SWEDEN)","product_price_amount":"0.00","product_price_currency":"EUR","og_availability":"instock","product_availability":"instock","product_retailer_item_id":"KALMAR LMV R41067001","product_condition":"new"},"_links":{"self":[{"href":"https:\/\/rok.ro\/ro\/wp-json\/wp\/v2\/product\/16554"}],"collection":[{"href":"https:\/\/rok.ro\/ro\/wp-json\/wp\/v2\/product"}],"about":[{"href":"https:\/\/rok.ro\/ro\/wp-json\/wp\/v2\/types\/product"}],"wp:attachment":[{"href":"https:\/\/rok.ro\/ro\/wp-json\/wp\/v2\/media?parent=16554"}],"wp:term":[{"taxonomy":"product_cat","embeddable":true,"href":"https:\/\/rok.ro\/ro\/wp-json\/wp\/v2\/product_cat?post=16554"},{"taxonomy":"product_tag","embeddable":true,"href":"https:\/\/rok.ro\/ro\/wp-json\/wp\/v2\/product_tag?post=16554"}],"curies":[{"name":"wp","href":"https:\/\/api.w.org\/{rel}","templated":true}]}}